{"id":1149,"date":"2013-03-15T18:21:12","date_gmt":"2013-03-15T23:21:12","guid":{"rendered":"http:\/\/demo.marketpress.com\/hamburg-de\/?page_id=1086"},"modified":"2015-01-23T09:25:59","modified_gmt":"2015-01-23T08:25:59","slug":"hamburg-ein-responsives-woocommerce-kompatibles-wordpress-theme-fuer-blogs-und-online-shops","status":"publish","type":"page","link":"http:\/\/sardinien-hausvermietung.de\/?page_id=1149","title":{"rendered":"Der Ort RenaMajore."},"content":{"rendered":"<p>Kurze Info vorab &#8211;\u00a0Fotos folgen im Herbst 2015.<\/p>\n<p>Rene Majore ist ein kleiner Ferienort, der ca. 7km s\u00fcdlich von St.Teresa liegt.<br \/>\nIn diesem Ort finden Sie alles, was in einem Ferienort wichtig sein k\u00f6nnte.<br \/>\nDas Sch\u00f6nste ist dort der weisse lange Sandstrand, wo Sie wirklich noch einen Strandabschnitt f\u00fcr sich haben k\u00f6nnen. Tja, das war der Grund warum ich damals meine H\u00e4user dort gebaut habe.<br \/>\nDie Lage ist wirklich ideal um Ausfl\u00fcge zu machen oder zu entspannen:<br \/>\n&#8211; Klettern in Capo Testa<br \/>\n&#8211; Radeln in der Gallura mit einem unvergesslichen Duft der Flora und Fauna<br \/>\n&#8211; Reiten am Strand (in St.Teresa gibt es einen deutschsprachigen Reitstall mit Miet-Pferden)<br \/>\n&#8211; Mountainbiking in den Bergen &#8211; hier k\u00f6nnen Sie mal richtig strampeln&#8230;<br \/>\n&#8211; Faulenzen auf der Terrasse, ein Buch lesen, schlummern oder den Ausblick geniesen&#8230; oder<br \/>\n&#8211; schnorcheln in der Bade-Bucht, plantschen im t\u00fcrkisgr\u00fcnem Meer&#8230;.<br \/>\nLangeweile gibt es hier nicht!<br \/>\nUnd die Restaurants in der Umgebung sind wirklich gut!<br \/>\nIch habe lange gesucht um eine so tolle Urlaubsregion zu finden!<br \/>\nErholung, Natur, Lebensart, Genuss, Sport und Fun f\u00fcr Gross und Klein. Das Gesamtpaket stimmt.<\/p>\n","protected":false},"excerpt":{"rendered":"<p>Kurze Info vorab &#8211;\u00a0Fotos folgen im Herbst 2015. Rene Majore ist ein kleiner Ferienort, der ca. 7km s\u00fcdlich von St.Teresa [&hellip;]<\/p>\n","protected":false},"author":1,"featured_media":0,"parent":0,"menu_order":0,"comment_status":"closed","ping_status":"closed","template":"","meta":{"footnotes":""},"class_list":["post-1149","page","type-page","status-publish","hentry","no-featured-image"],"_links":{"self":[{"href":"http:\/\/sardinien-hausvermietung.de\/index.php?rest_route=\/wp\/v2\/pages\/1149"}],"collection":[{"href":"http:\/\/sardinien-hausvermietung.de\/index.php?rest_route=\/wp\/v2\/pages"}],"about":[{"href":"http:\/\/sardinien-hausvermietung.de\/index.php?rest_route=\/wp\/v2\/types\/page"}],"author":[{"embeddable":true,"href":"http:\/\/sardinien-hausvermietung.de\/index.php?rest_route=\/wp\/v2\/users\/1"}],"replies":[{"embeddable":true,"href":"http:\/\/sardinien-hausvermietung.de\/index.php?rest_route=%2Fwp%2Fv2%2Fcomments&post=1149"}],"version-history":[{"count":6,"href":"http:\/\/sardinien-hausvermietung.de\/index.php?rest_route=\/wp\/v2\/pages\/1149\/revisions"}],"predecessor-version":[{"id":1989,"href":"http:\/\/sardinien-hausvermietung.de\/index.php?rest_route=\/wp\/v2\/pages\/1149\/revisions\/1989"}],"wp:attachment":[{"href":"http:\/\/sardinien-hausvermietung.de\/index.php?rest_route=%2Fwp%2Fv2%2Fmedia&parent=1149"}],"curies":[{"name":"wp","href":"https:\/\/api.w.org\/{rel}","templated":true}]}}