{"id":1919,"date":"2015-01-22T17:36:04","date_gmt":"2015-01-22T16:36:04","guid":{"rendered":"http:\/\/sardinien-hausvermietung.de\/?page_id=1919"},"modified":"2015-01-23T09:16:02","modified_gmt":"2015-01-23T08:16:02","slug":"die-anreise-flug-oder-faehre","status":"publish","type":"page","link":"http:\/\/sardinien-hausvermietung.de\/?page_id=1919","title":{"rendered":"Die Anreise: Flug \/ F\u00e4hre?"},"content":{"rendered":"<p>Mit dem Flieger oder mit dem Auto nach Sardinien anreisen?<br \/>\nDa gibt es ganz unterschiedliche Standpunkte,<br \/>\nfest steht, Sie m\u00fcssen auf der Insel autark sein.<br \/>\nD.H., ohne Auto auf der Insel k\u00f6nnen Sie nicht allzuviel unternehmen!<\/p>\n<p>Hier die wesentlichen Fluggesellschaften:<br \/>\n<a href=\"http:\/\/www.easyjet.com\" target=\"_blank\">www.easyjet.com<\/a><br \/>\n<a href=\"http:\/\/www.airberlin.com\" target=\"_blank\">www.airberlin.com<\/a><br \/>\n<a href=\"http:\/\/www.germanwings.com\" target=\"_blank\">www.germanwings.com<\/a><br \/>\n<a href=\"http:\/\/www.ryanair.com\" target=\"_blank\">www.ryanair.com<br \/>\n<\/a><a href=\"http:\/\/www.lufthansa.com\" target=\"_blank\">www.lufthansa.com<\/a><br \/>\n<a href=\"http:\/\/www.alitalia.com\" target=\"_blank\">www.alitalia.it<br \/>\n<\/a>und vermutlich noch einige andere. Bitte\u00a0schauen Sie online nach den passenden Fl\u00fcgen.<\/p>\n<p>Hier die wesentlichen F\u00e4hrgesellschaften:<br \/>\n<a href=\"http:\/\/www.tirrenia.it\" target=\"_blank\">www.tirrenia.it<\/a><br \/>\n<a href=\"http:\/\/www.mobylines.de\" target=\"_blank\">www.mobylines.de<\/a><br \/>\n<a title=\"Grandi Navi Veloci\" href=\"http:\/\/www.gnv.it\" target=\"_blank\">www.gnv.it<\/a><br \/>\n<a title=\"...auch sardinia-ferries\" href=\"http:\/\/www.corsica-ferries.de\" target=\"_blank\">www.corsica-ferries.de<br \/>\n<\/a>und vermutlich noch einige andere. Bitte\u00a0schauen Sie online nach den passenden F\u00e4hren.<\/p>\n<p>&nbsp;<\/p>\n<p>Als Anreiseflug- und F\u00e4hrhafen empfehlen wir Olbia (ca. 55 Min. Anfahrt zum Haus), aber auch Alghero (Flug) oder PortoTorres \u00a0(F\u00e4hre) \u00a0sei m\u00f6glich, ist dann\u00a0ca. 1 Std. mehr Autofahrt um zum Haus zu kommen. Flughafen Cagliari f\u00e4llt aufgrund der Entfernung aus, das Cagliari ja ganz im S\u00fcden der Insel ist und unserer H\u00e4user im Norden sich befinden.<\/p>\n<p>Die Anreise empfehlen wir tags\u00fcber, da es einfach unkomplizierter ist den Weg zu finden.<\/p>\n","protected":false},"excerpt":{"rendered":"<p>Mit dem Flieger oder mit dem Auto nach Sardinien anreisen? Da gibt es ganz unterschiedliche Standpunkte, fest steht, Sie m\u00fcssen [&hellip;]<\/p>\n","protected":false},"author":1,"featured_media":0,"parent":0,"menu_order":0,"comment_status":"closed","ping_status":"open","template":"","meta":{"footnotes":""},"class_list":["post-1919","page","type-page","status-publish","hentry","no-featured-image"],"_links":{"self":[{"href":"http:\/\/sardinien-hausvermietung.de\/index.php?rest_route=\/wp\/v2\/pages\/1919"}],"collection":[{"href":"http:\/\/sardinien-hausvermietung.de\/index.php?rest_route=\/wp\/v2\/pages"}],"about":[{"href":"http:\/\/sardinien-hausvermietung.de\/index.php?rest_route=\/wp\/v2\/types\/page"}],"author":[{"embeddable":true,"href":"http:\/\/sardinien-hausvermietung.de\/index.php?rest_route=\/wp\/v2\/users\/1"}],"replies":[{"embeddable":true,"href":"http:\/\/sardinien-hausvermietung.de\/index.php?rest_route=%2Fwp%2Fv2%2Fcomments&post=1919"}],"version-history":[{"count":4,"href":"http:\/\/sardinien-hausvermietung.de\/index.php?rest_route=\/wp\/v2\/pages\/1919\/revisions"}],"predecessor-version":[{"id":1983,"href":"http:\/\/sardinien-hausvermietung.de\/index.php?rest_route=\/wp\/v2\/pages\/1919\/revisions\/1983"}],"wp:attachment":[{"href":"http:\/\/sardinien-hausvermietung.de\/index.php?rest_route=%2Fwp%2Fv2%2Fmedia&parent=1919"}],"curies":[{"name":"wp","href":"https:\/\/api.w.org\/{rel}","templated":true}]}}