{"id":1922,"date":"2015-01-22T17:40:28","date_gmt":"2015-01-22T16:40:28","guid":{"rendered":"http:\/\/sardinien-hausvermietung.de\/?page_id=1922"},"modified":"2015-01-22T18:44:50","modified_gmt":"2015-01-22T17:44:50","slug":"villaverde-4-5-personen","status":"publish","type":"page","link":"http:\/\/sardinien-hausvermietung.de\/?page_id=1922","title":{"rendered":"VillaVerde 4 &#8211; 5 Pers."},"content":{"rendered":"<p>Das klassische Familienhaus, 2 Schlafzimmer mit jeweils 2 Betten, sowie Zustellbett.<br \/>\nIdeal f\u00fcr die Familie mit 2 oder 3 Kindern, oder f\u00fcr das 2er Team mit z.B. Hund, da das Grundst\u00fcck komplett eingez\u00e4unt ist.<br \/>\n<strong><a title=\"Die Hausbeschreibung finden Sie unter den Fotos unter der Rubrik Produktbeschreibung.\" href=\"http:\/\/sardinien-hausvermietung.de\/?product=villaverde-ferienhaus-fuer-4-5-personen\" target=\"_blank\">Alle Infos finden Sie hier:<br \/>\n<\/a><\/strong><strong><a title=\"Die Hausbeschreibung finden Sie unter den Fotos unter der Rubrik Produktbeschreibung.\" href=\"http:\/\/sardinien-hausvermietung.de\/?product=villaverde-ferienhaus-fuer-4-5-personen\" target=\"_blank\">zu den Preisen und zu der Produktbeschreibung<\/p>\n<p><\/a><\/strong><a href=\"http:\/\/sardinien-hausvermietung.de\/wp-content\/uploads\/2015\/01\/IMG_2737.jpg\"><img loading=\"lazy\" decoding=\"async\" class=\" wp-image-1694\" src=\"http:\/\/sardinien-hausvermietung.de\/wp-content\/uploads\/2015\/01\/IMG_2737-300x225.jpg\" alt=\"VillaVerde - das Familienhaus f\u00fcr 4-5 Personen.\" width=\"648\" height=\"486\" srcset=\"http:\/\/sardinien-hausvermietung.de\/wp-content\/uploads\/2015\/01\/IMG_2737-300x225.jpg 300w, http:\/\/sardinien-hausvermietung.de\/wp-content\/uploads\/2015\/01\/IMG_2737-1024x768.jpg 1024w, http:\/\/sardinien-hausvermietung.de\/wp-content\/uploads\/2015\/01\/IMG_2737-scaled-600x450.jpg 600w, http:\/\/sardinien-hausvermietung.de\/wp-content\/uploads\/2015\/01\/IMG_2737-745x558.jpg 745w\" sizes=\"(max-width: 648px) 100vw, 648px\" \/><\/a><\/p>\n<p>VillaVerde &#8211; das Familienhaus f\u00fcr 4-5 Personen.<\/p>\n<p><a title=\"Die Hausbeschreibung finden Sie unter den Fotos unter der Rubrik Produktbeschreibung.\" href=\"http:\/\/sardinien-hausvermietung.de\/?product=villaverde-ferienhaus-fuer-4-5-personen\" target=\"_blank\"><strong>\u00a0<\/strong><\/a><\/p>\n","protected":false},"excerpt":{"rendered":"<p>Das klassische Familienhaus, 2 Schlafzimmer mit jeweils 2 Betten, sowie Zustellbett. Ideal f\u00fcr die Familie mit 2 oder 3 Kindern, [&hellip;]<\/p>\n","protected":false},"author":1,"featured_media":0,"parent":0,"menu_order":0,"comment_status":"closed","ping_status":"open","template":"","meta":{"footnotes":""},"class_list":["post-1922","page","type-page","status-publish","hentry","no-featured-image"],"_links":{"self":[{"href":"http:\/\/sardinien-hausvermietung.de\/index.php?rest_route=\/wp\/v2\/pages\/1922"}],"collection":[{"href":"http:\/\/sardinien-hausvermietung.de\/index.php?rest_route=\/wp\/v2\/pages"}],"about":[{"href":"http:\/\/sardinien-hausvermietung.de\/index.php?rest_route=\/wp\/v2\/types\/page"}],"author":[{"embeddable":true,"href":"http:\/\/sardinien-hausvermietung.de\/index.php?rest_route=\/wp\/v2\/users\/1"}],"replies":[{"embeddable":true,"href":"http:\/\/sardinien-hausvermietung.de\/index.php?rest_route=%2Fwp%2Fv2%2Fcomments&post=1922"}],"version-history":[{"count":4,"href":"http:\/\/sardinien-hausvermietung.de\/index.php?rest_route=\/wp\/v2\/pages\/1922\/revisions"}],"predecessor-version":[{"id":1969,"href":"http:\/\/sardinien-hausvermietung.de\/index.php?rest_route=\/wp\/v2\/pages\/1922\/revisions\/1969"}],"wp:attachment":[{"href":"http:\/\/sardinien-hausvermietung.de\/index.php?rest_route=%2Fwp%2Fv2%2Fmedia&parent=1922"}],"curies":[{"name":"wp","href":"https:\/\/api.w.org\/{rel}","templated":true}]}}