{"id":1926,"date":"2015-01-22T17:41:16","date_gmt":"2015-01-22T16:41:16","guid":{"rendered":"http:\/\/sardinien-hausvermietung.de\/?page_id=1926"},"modified":"2015-01-22T19:01:38","modified_gmt":"2015-01-22T18:01:38","slug":"villalegno-fuer-trapper","status":"publish","type":"page","link":"http:\/\/sardinien-hausvermietung.de\/?page_id=1926","title":{"rendered":"VillaLegno f\u00fcr Trapper"},"content":{"rendered":"<p>Unser Holzhaus bieten wir nicht zur Vermietung an. Wir wollen es sp\u00e4ter einmal als Gartenh\u00e4uschen im schattigen W\u00e4ldchen nutzen.<\/p>\n<div id=\"attachment_1847\" style=\"width: 311px\" class=\"wp-caption alignnone\"><a href=\"http:\/\/sardinien-hausvermietung.de\/wp-content\/uploads\/2015\/01\/Bild133-e1421936577275.jpg\"><img loading=\"lazy\" decoding=\"async\" aria-describedby=\"caption-attachment-1847\" class=\" wp-image-1847\" src=\"http:\/\/sardinien-hausvermietung.de\/wp-content\/uploads\/2015\/01\/Bild133-300x225.jpg\" alt=\"sardinien-hausvermietung.de Ihr privater Vermieter f\u00fcr Sardinien Ferienhaus-Vermietung.\" width=\"301\" height=\"226\" \/><\/a><p id=\"caption-attachment-1847\" class=\"wp-caption-text\">Kleines Holzh\u00e4uschen f\u00fcr Trapper, J\u00e4ger und gejagte.<\/p>\n<p><\/p><\/div>\n<p>&nbsp;<\/p>\n<div id=\"attachment_1848\" style=\"width: 310px\" class=\"wp-caption alignnone\"><a href=\"http:\/\/sardinien-hausvermietung.de\/wp-content\/uploads\/2015\/01\/Bild134-e1421936547152.jpg\"><img loading=\"lazy\" decoding=\"async\" aria-describedby=\"caption-attachment-1848\" class=\"size-medium wp-image-1848\" src=\"http:\/\/sardinien-hausvermietung.de\/wp-content\/uploads\/2015\/01\/Bild134-300x225.jpg\" alt=\"sardinien-hausvermietung.de Ihr privater Vermieter f\u00fcr Sardinien Ferienhaus-Vermietung.\" width=\"300\" height=\"225\" \/><\/a><p id=\"caption-attachment-1848\" class=\"wp-caption-text\">Nicht in der Vermietung. Kein Strom, kein Wasser, kein Bett, aber sonst ist es dort sehr nett.<\/p><\/div>\n","protected":false},"excerpt":{"rendered":"<p>Unser Holzhaus bieten wir nicht zur Vermietung an. Wir wollen es sp\u00e4ter einmal als Gartenh\u00e4uschen im schattigen W\u00e4ldchen nutzen. &nbsp;<\/p>\n","protected":false},"author":1,"featured_media":0,"parent":0,"menu_order":0,"comment_status":"closed","ping_status":"open","template":"","meta":{"footnotes":""},"class_list":["post-1926","page","type-page","status-publish","hentry","no-featured-image"],"_links":{"self":[{"href":"http:\/\/sardinien-hausvermietung.de\/index.php?rest_route=\/wp\/v2\/pages\/1926"}],"collection":[{"href":"http:\/\/sardinien-hausvermietung.de\/index.php?rest_route=\/wp\/v2\/pages"}],"about":[{"href":"http:\/\/sardinien-hausvermietung.de\/index.php?rest_route=\/wp\/v2\/types\/page"}],"author":[{"embeddable":true,"href":"http:\/\/sardinien-hausvermietung.de\/index.php?rest_route=\/wp\/v2\/users\/1"}],"replies":[{"embeddable":true,"href":"http:\/\/sardinien-hausvermietung.de\/index.php?rest_route=%2Fwp%2Fv2%2Fcomments&post=1926"}],"version-history":[{"count":4,"href":"http:\/\/sardinien-hausvermietung.de\/index.php?rest_route=\/wp\/v2\/pages\/1926\/revisions"}],"predecessor-version":[{"id":1977,"href":"http:\/\/sardinien-hausvermietung.de\/index.php?rest_route=\/wp\/v2\/pages\/1926\/revisions\/1977"}],"wp:attachment":[{"href":"http:\/\/sardinien-hausvermietung.de\/index.php?rest_route=%2Fwp%2Fv2%2Fmedia&parent=1926"}],"curies":[{"name":"wp","href":"https:\/\/api.w.org\/{rel}","templated":true}]}}