{"id":1928,"date":"2015-01-22T17:41:45","date_gmt":"2015-01-22T16:41:45","guid":{"rendered":"http:\/\/sardinien-hausvermietung.de\/?page_id=1928"},"modified":"2015-01-22T18:59:25","modified_gmt":"2015-01-22T17:59:25","slug":"villasardomaso-fuer-1-person","status":"publish","type":"page","link":"http:\/\/sardinien-hausvermietung.de\/?page_id=1928","title":{"rendered":"VillaSardoMaso f\u00fcr 1 Person"},"content":{"rendered":"<p>Mit 1qm Wohnfl\u00e4che ist dies vermutlich das kleinste Ferienh\u00e4uschen am Markt.<br \/>\nWir geben es bei Buchung eines der Haupth\u00e4user einfach dazu. Deren Nutzung blieb uns bisher verborgen. Wir warten auf Ideen.<\/p>\n<div id=\"attachment_1850\" style=\"width: 310px\" class=\"wp-caption alignnone\"><a href=\"http:\/\/sardinien-hausvermietung.de\/wp-content\/uploads\/2015\/01\/Bild128-e1421936487143.jpg\"><img loading=\"lazy\" decoding=\"async\" aria-describedby=\"caption-attachment-1850\" class=\"size-medium wp-image-1850\" src=\"http:\/\/sardinien-hausvermietung.de\/wp-content\/uploads\/2015\/01\/Bild128-300x225.jpg\" alt=\"VillaSardoMaso - noch ohne Bestimmungszweck.\" width=\"300\" height=\"225\" \/><\/a><p id=\"caption-attachment-1850\" class=\"wp-caption-text\">VillaSardoMaso &#8211; noch ohne Bestimmungszweck.<\/p><\/div>\n<div id=\"attachment_1849\" style=\"width: 310px\" class=\"wp-caption alignnone\"><a href=\"http:\/\/sardinien-hausvermietung.de\/wp-content\/uploads\/2015\/01\/Bild127-e1421936517798.jpg\"><img loading=\"lazy\" decoding=\"async\" aria-describedby=\"caption-attachment-1849\" class=\"size-medium wp-image-1849\" src=\"http:\/\/sardinien-hausvermietung.de\/wp-content\/uploads\/2015\/01\/Bild127-300x225.jpg\" alt=\"VillaSardoMaso - zur Zeit mietfrei zu beziehen.\" width=\"300\" height=\"225\" \/><\/a><p id=\"caption-attachment-1849\" class=\"wp-caption-text\">VillaSardoMaso &#8211; zur Zeit mietfrei zu beziehen.<\/p><\/div>\n","protected":false},"excerpt":{"rendered":"<p>Mit 1qm Wohnfl\u00e4che ist dies vermutlich das kleinste Ferienh\u00e4uschen am Markt. Wir geben es bei Buchung eines der Haupth\u00e4user einfach [&hellip;]<\/p>\n","protected":false},"author":1,"featured_media":0,"parent":0,"menu_order":0,"comment_status":"closed","ping_status":"open","template":"","meta":{"footnotes":""},"class_list":["post-1928","page","type-page","status-publish","hentry","no-featured-image"],"_links":{"self":[{"href":"http:\/\/sardinien-hausvermietung.de\/index.php?rest_route=\/wp\/v2\/pages\/1928"}],"collection":[{"href":"http:\/\/sardinien-hausvermietung.de\/index.php?rest_route=\/wp\/v2\/pages"}],"about":[{"href":"http:\/\/sardinien-hausvermietung.de\/index.php?rest_route=\/wp\/v2\/types\/page"}],"author":[{"embeddable":true,"href":"http:\/\/sardinien-hausvermietung.de\/index.php?rest_route=\/wp\/v2\/users\/1"}],"replies":[{"embeddable":true,"href":"http:\/\/sardinien-hausvermietung.de\/index.php?rest_route=%2Fwp%2Fv2%2Fcomments&post=1928"}],"version-history":[{"count":3,"href":"http:\/\/sardinien-hausvermietung.de\/index.php?rest_route=\/wp\/v2\/pages\/1928\/revisions"}],"predecessor-version":[{"id":1976,"href":"http:\/\/sardinien-hausvermietung.de\/index.php?rest_route=\/wp\/v2\/pages\/1928\/revisions\/1976"}],"wp:attachment":[{"href":"http:\/\/sardinien-hausvermietung.de\/index.php?rest_route=%2Fwp%2Fv2%2Fmedia&parent=1928"}],"curies":[{"name":"wp","href":"https:\/\/api.w.org\/{rel}","templated":true}]}}