{"id":1930,"date":"2015-01-22T17:43:01","date_gmt":"2015-01-22T16:43:01","guid":{"rendered":"http:\/\/sardinien-hausvermietung.de\/?page_id=1930"},"modified":"2015-07-17T06:42:49","modified_gmt":"2015-07-17T04:42:49","slug":"schlauchboot-mieten","status":"publish","type":"page","link":"http:\/\/sardinien-hausvermietung.de\/?page_id=1930","title":{"rendered":"Schlauchboot mieten."},"content":{"rendered":"<div id=\"attachment_1897\" style=\"width: 558px\" class=\"wp-caption aligncenter\"><img loading=\"lazy\" decoding=\"async\" aria-describedby=\"caption-attachment-1897\" class=\" wp-image-1897\" src=\"http:\/\/sardinien-hausvermietung.de\/wp-content\/uploads\/2015\/01\/IMG_3584-300x225.jpg\" alt=\"sardinien-hausvermietung.de Ihr privater Vermieter f\u00fcr Sardinien Ferienhaus-Vermietung.\" width=\"548\" height=\"411\" \/><p id=\"caption-attachment-1897\" class=\"wp-caption-text\">L\u00e4nge 520 cm, komplett ausgestattet, 40PS, nur mit dem amtlichen Sportbootf\u00fchrerschein See anzumieten.<\/p><\/div>\n<p>Wer Sardinien kennt, der weis, das gerade die Nordk\u00fcste von Sardinien mit dem vorgelagerten La Maddalena-Achipel traumhaft sch\u00f6ne Badebuchten bietet, die alle mit dem Boot bequem zu erreichen sind.<strong><br \/>\nGenau aus diesem Grunde haben wir f\u00fcr unsere G\u00e4ste ein trailerbares Schlauchboot bei VillaVita positioniert, das Sie in der Hochsaison\u00a0<\/strong><strong>unter folgenden Voraussetzungen buchen k\u00f6nnen:<\/strong><\/p>\n<p>\u2013 Sie m\u00fcssen Besitzer des g\u00fcltigen Sportbootf\u00fchrerscheines See sein.<br \/>\n\u2013 Sie sollten best\u00e4tigen k\u00f6nnen, das Sie \u00fcber ausreichende Erfahrung f\u00fcr das<br \/>\nF\u00fchren eine Schlauchbootes in diesen Gew\u00e4ssern besitzen.<br \/>\n\u2013 Sie sollten eine g\u00fcltige Privat-Haftpflichversicherung vorlegen k\u00f6nnen.<br \/>\n\u2013 Sie sollten \u00fcber ein Zugfahrzeug mit Anh\u00e4ngekupplung und mind. 500 KG Anh\u00e4ngelast verf\u00fcgen,\u00a0denn das Verbringen des Boots zum Hafen, das Slippen und auch das\u00a0Wiederrausholen zum Ende unterliegt Ihrer Pflicht und Verantwortung.<\/p>\n<p>Optional k\u00f6nnen Sie bei uns f\u00fcr das Schlauchboot mit Trailer einen Hol- und Bringservice zur Marina Sarda in Porto Pozzo buchen.<\/p>\n<p><strong>Sie sind f\u00fcr den Liegeplatz des Schlauchbootes selber verantwortlich und haben die Obhutspflicht.<\/strong><br \/>\nD.h., Sie buchen\u00a0vor Ort einen ordentlichen Liegeplatz Ihrer Wahl, so das das Schlauchboot fest verzurrt w\u00e4hrend Ihrer Urlaubszeit dort z.B. Nachts verbleiben kann. Hier empfehlen wir die MARINA SARDA von Mario Sardo in Porto Pozzo (erreichbar aus Richtung Santa Teresa \u00fcber einen kleinen, unmittelbar vor Orteingang Porto Pozzo links abzweigenden Schotterweg Richtung Meer.\u00a0Kontaktdaten folgen per mail.<br \/>\nDie Liegeplatzkosten kommen sep. zu den Vermietungskosten dazu und liegen bei ca. 15,00 bis 30,00 \u20ac pro Nacht je nach Saison und Liegeplatz\/Hafen, wenn Sie Ihren Liegeplatz selber organisieren m\u00f6chten,<br \/>\noder Sie k\u00f6nnen den Liegeplatz\u00a0in der MARINA SARDA bei uns zum Pauschalpreis buchen,<br \/>\ndann k\u00fcmmern wir uns um die Platzreservierung, Zahlung und um die Abwicklungsmodalit\u00e4ten.<\/p>\n<p>Verbrauchskosten des Bootes wie Benzin und Oele kommen sep. dazu. Zum Betanken ist ein mobiler 20ltr. Kanister im Boot, der transportabel zur n\u00e4chsten Tankstelle mitgenommen werden kann. Bei \u00dcbernahme ist dieser zu 50% gef\u00fcllt und ist bei R\u00fcckgabe des Bootes wieder auf Gleichstand von Ihnen aufzutanken.<\/p>\n<p><strong>Die Mietkonditionen richten sich nach der Dauer \/Anzahl Tage der Hausanmietung,<br \/>\nda wir das Boot -nicht tageweise- \u00a0sondern nur f\u00fcr unsere G\u00e4ste f\u00fcr die Gesamtmietzeit des Hauses vermieten. <a title=\"Hier weitere Infos\/Preise zur Schlauchbootanmietung.\" href=\"http:\/\/sardinien-hausvermietung.de\/?product=villavita\" target=\"_blank\">Hier gehts zur Anmietung:<\/a><\/strong><\/p>\n<p>&nbsp;<\/p>\n","protected":false},"excerpt":{"rendered":"<p>Wer Sardinien kennt, der weis, das gerade die Nordk\u00fcste von Sardinien mit dem vorgelagerten La Maddalena-Achipel traumhaft sch\u00f6ne Badebuchten bietet, [&hellip;]<\/p>\n","protected":false},"author":1,"featured_media":0,"parent":0,"menu_order":0,"comment_status":"closed","ping_status":"open","template":"","meta":{"footnotes":""},"class_list":["post-1930","page","type-page","status-publish","hentry","no-featured-image"],"_links":{"self":[{"href":"http:\/\/sardinien-hausvermietung.de\/index.php?rest_route=\/wp\/v2\/pages\/1930"}],"collection":[{"href":"http:\/\/sardinien-hausvermietung.de\/index.php?rest_route=\/wp\/v2\/pages"}],"about":[{"href":"http:\/\/sardinien-hausvermietung.de\/index.php?rest_route=\/wp\/v2\/types\/page"}],"author":[{"embeddable":true,"href":"http:\/\/sardinien-hausvermietung.de\/index.php?rest_route=\/wp\/v2\/users\/1"}],"replies":[{"embeddable":true,"href":"http:\/\/sardinien-hausvermietung.de\/index.php?rest_route=%2Fwp%2Fv2%2Fcomments&post=1930"}],"version-history":[{"count":9,"href":"http:\/\/sardinien-hausvermietung.de\/index.php?rest_route=\/wp\/v2\/pages\/1930\/revisions"}],"predecessor-version":[{"id":2038,"href":"http:\/\/sardinien-hausvermietung.de\/index.php?rest_route=\/wp\/v2\/pages\/1930\/revisions\/2038"}],"wp:attachment":[{"href":"http:\/\/sardinien-hausvermietung.de\/index.php?rest_route=%2Fwp%2Fv2%2Fmedia&parent=1930"}],"curies":[{"name":"wp","href":"https:\/\/api.w.org\/{rel}","templated":true}]}}