{"id":1561,"date":"2014-11-27T16:52:42","date_gmt":"2014-11-27T15:52:42","guid":{"rendered":"http:\/\/sardinien-hausvermietung.de\/?post_type=product&#038;p=1561"},"modified":"2018-02-19T07:09:07","modified_gmt":"2018-02-19T06:09:07","slug":"villavita-2","status":"publish","type":"product","link":"http:\/\/sardinien-hausvermietung.de\/?product=villavita-2","title":{"rendered":"VillaVita Ferienhaus f\u00fcr 4 &#8211; 8 Personen"},"content":{"rendered":"<p><span class=\"Apple-style-span\"><strong><span class=\"fn\">VillaVita Ferienhaus f\u00fcr 4-8 Personen<\/span><\/strong><\/span><\/p>\n<div id=\"cc-shop-product-desc-text-7289536484\" class=\"description\">\n<p>Die VillaVita ist unser gro\u00dfes Haus. F\u00fcr die klassische Familie f\u00fcr 4-6 Personen bietet es sehr viel Platz, aber es wird auch oft von 2 Familien gebucht, wenn beide Paare jeweils 1 oder auch 2 Kinder haben, kann es von bis zu 8 Personen gut genutzt werden.<\/p>\n<p>VillaVita hat einen tollen Blick in die Natur der Gallura bis runter zum Meer. In der Ferne k\u00f6nnen Sie bis nach Korsika schauen. Das eingez\u00e4unte Grundst\u00fcck bietet am Haus 3 Terrassen (unten, seitlich und vorne) und hat auch einen kleinen MiniPool zum tagt\u00e4glichen abk\u00fchlen.<\/p>\n<p>VillaVita hat 3 Schlafzimmer, somit 3 Doppelbetten sowie 2 Zustellbetten = 8 Schlafpl\u00e4tze, 1x gr. K\u00fcche mit gro\u00dfem Esstisch f\u00fcr 8 Personen, 2 x Dusche\/WC sowie ein gem\u00fctlicher Wohnraum und 3 Terrassen, teils \u00dcberdacht mit Grillecke mit Meerblick.<\/p>\n<p><strong>Und so stellen Sie sich Ihren Warenkorb als\u00a0Reiseanfrage\u00a0selber zusammen:<br \/>\n<\/strong>Klicken Sie:<br \/>\na) auf den grauen Auswahlbalken mit\u00a0<strong><em>\u201cW\u00e4hlen Sie eine Ausf\u00fchrung&#8230;.\u201d<\/em><\/strong>\u00a0und<br \/>\nb) w\u00e4hlen Sie die\u00a0f\u00fcr Sie passende Saison und die Tages-\/Wochenanzahl aus (anklicken) \u2013<br \/>\nder jeweilige Preis wird dann angezeigt, bei meheren Tagen\/Wochen entsprechend die Anzahl von 1 auf 2 oder, 3,&#8230; etc. klicken.<br \/>\nc) um den ausgew\u00e4hlte Tages\/Wochenanzahl dann\u00a0<strong><em>\u201cIn den Warenkorb\u201d<\/em><\/strong>\u00a0zu packen.<\/p>\n<p><strong>Beim Buchen sollten Sie unter &#8222;Bestellhinweise&#8220; das Datum Ihrer Anreise (ab 14.00 h) und Ihren Abreisetag (bis 12.00h) angeben.<\/strong>\u00a0Das Feld &#8222;Bestellhinweise&#8220; finden Sie rechts, dort wo Sie Ihre Kontaktdaten f\u00fcr die Rechnungsadresse eintragen k\u00f6nnen.<\/p>\n<p>Mit Hilfe des gr\u00fcnen Buttons \u201cWarenkorb ansehen\u201d finden Sie Ihre Auswahl im Warenkorb \u00fcbersichtlich zusammen gestellt.<\/p>\n<p>Sie k\u00f6nnen sich diesen Warenkorb als Angebot\/\u00dcbersicht \u00fcber Ihren Browser ausdrucken oder als Bestellung\/Reservierung an uns absenden.<\/p>\n<p>Ihre Reservierungsanfrage wird von uns gepr\u00fcft, unter Bekanntgabe der Anzahlungssumme per mail best\u00e4tigt. Erst mit Anzahlung von 50% der Buchungssumme wird die Reservierung verbindlich aktiviert.<br \/>\nMit Zahlungseingang erhalten Sie von uns die endg\u00fcltige Buchungsbest\u00e4tigung an Ihre mailadresse zugesandt.<br \/>\nDie Restzahlung ist 6 Wochen vor Anreise f\u00e4llig. Nach Restzahlungseingang wird Ihnen der Schl\u00fcssel, eine Anfahrtsskizze sowie die Detailhausbeschreibung per Einschreiben an Ihre Rechnungsanschrift zugesandt.<br \/>\nF\u00fcr R\u00fcckfragen sind wir stets\u00a0<a title=\"Ihr direkter Kontakt zu Sardinien-Hausvermietung.\" href=\"mailto:%20info@sardinien-hausvermietung.de\" target=\"_blank\">per mail<\/a>\u00a0oder via Hotline 0511\/92 00 000 zu erreichen.<\/p>\n<\/div>\n","protected":false},"excerpt":{"rendered":"<p><span class=\"Apple-style-span\"><strong><span class=\"fn\">VillaVita Ferienhaus f\u00fcr 4-8 Personen<br \/>\n<\/span><\/strong><\/span>Ausf\u00fchrung gem\u00e4\u00df Online-Beschreibung.<\/p>\n<div>\n<p><span class=\"Apple-style-span\"><strong>Preise:<\/strong>\u00a0bitte auf dem hellgrauen Balken unter diesem Text<br \/>\nklicken und\u00a0Ihre\u00a0Auswahl nach und nach in den Warenkorb packen.<\/span><\/p>\n<\/div>\n<p><span class=\"Apple-style-span\"><strong><span class=\"fn\">\u00a0<\/span><\/strong><\/span><\/p>\n","protected":false},"featured_media":1692,"comment_status":"closed","ping_status":"closed","template":"","meta":[],"product_cat":[31],"product_tag":[],"class_list":{"0":"post-1561","1":"product","2":"type-product","3":"status-publish","4":"has-post-thumbnail","6":"product_cat-villavita-ferienhaus-fuer-4-6-8-personen","7":"pa_anreise-mietcaution-pauschal-je-buchungje-haus","8":"pa_anreise-vorsaison-15-03-bis-14-05-pro-tag","9":"pa_anreise-vorsaison-15-03-bis-14-05-pro-woche","10":"pa_anreise-vorsaison-15-03-bis-14-05-zusatztag-je","11":"pa_anreise-hochsaison-15-05-bis-30-09-pro-tag","12":"pa_anreise-hochsaison-15-05-bis-30-09-pro-woche","13":"pa_anreise-hochsaison-15-05-bis-30-09-zusatztag-je","14":"pa_anreise-nachsaison-01-10-bis-31-12-pro-tag","15":"pa_anreise-nachsaison-01-10-bis-31-12-pro-woche","16":"pa_anreise-nachsaison-01-10-bis-31-12-zusatztag-je","17":"pa_anreise-wintersaison-01-01-bis-14-03-pro-tag","18":"pa_anreise-wintersaison-01-01-bis-14-03-pro-woche","19":"pa_anreise-wintersaison-01-01-bis-14-03-zusatztag-je","20":"pa_anreise-langzeitmiete-ab-2-monate-pro-monat","21":"pa_anreise-langzeitmiete-ab-5-monate-pro-monat","23":"first","24":"instock","25":"taxable","26":"shipping-taxable","27":"purchasable","28":"product-type-variable","29":"has-featured-image","30":"landscape"},"_links":{"self":[{"href":"http:\/\/sardinien-hausvermietung.de\/index.php?rest_route=\/wp\/v2\/product\/1561"}],"collection":[{"href":"http:\/\/sardinien-hausvermietung.de\/index.php?rest_route=\/wp\/v2\/product"}],"about":[{"href":"http:\/\/sardinien-hausvermietung.de\/index.php?rest_route=\/wp\/v2\/types\/product"}],"replies":[{"embeddable":true,"href":"http:\/\/sardinien-hausvermietung.de\/index.php?rest_route=%2Fwp%2Fv2%2Fcomments&post=1561"}],"wp:featuredmedia":[{"embeddable":true,"href":"http:\/\/sardinien-hausvermietung.de\/index.php?rest_route=\/wp\/v2\/media\/1692"}],"wp:attachment":[{"href":"http:\/\/sardinien-hausvermietung.de\/index.php?rest_route=%2Fwp%2Fv2%2Fmedia&parent=1561"}],"wp:term":[{"taxonomy":"product_cat","embeddable":true,"href":"http:\/\/sardinien-hausvermietung.de\/index.php?rest_route=%2Fwp%2Fv2%2Fproduct_cat&post=1561"},{"taxonomy":"product_tag","embeddable":true,"href":"http:\/\/sardinien-hausvermietung.de\/index.php?rest_route=%2Fwp%2Fv2%2Fproduct_tag&post=1561"}],"curies":[{"name":"wp","href":"https:\/\/api.w.org\/{rel}","templated":true}]}}