{"id":1634,"date":"2015-01-20T14:54:50","date_gmt":"2015-01-20T13:54:50","guid":{"rendered":"http:\/\/sardinien-hausvermietung.de\/?product=kombi-villavino-villavita-ferienhaus-fuer-8-12-personen"},"modified":"2022-03-24T14:59:13","modified_gmt":"2022-03-24T13:59:13","slug":"kombi-villavino-villavita-ferienhaus-fuer-8-12-personen","status":"publish","type":"product","link":"http:\/\/sardinien-hausvermietung.de\/?product=kombi-villavino-villavita-ferienhaus-fuer-8-12-personen","title":{"rendered":"Kombi2: VillaVino+VillaVita f\u00fcr 8-2 Personen"},"content":{"rendered":"<p><b>Kombi2: \u00a0VillaVino + VillaVita<\/b><\/p>\n<div id=\"cc-shop-product-desc-text-7289532884\" class=\"description\">\n<p><span class=\"Apple-style-span\">Die VillaVita und VillaVino sind R\u00fccken an R\u00fccken gebaut. Beide H\u00e4user bieten einzeln gemietet eine eigene Privatsph\u00e4re, aber auch den Vorteil, sofern Sie mit der gro\u00dfen Familie anreisen, das beide H\u00e4user auf Wunsch miteinander durch eine zu \u00f6ffnende solide T\u00fcr, mit einander verbunden werden k\u00f6nnen.<br \/>\nDurch diese Kombi-Buchung entstehen aus 2 Einzelh\u00e4usern eine gro\u00dfes Gesamthaus mit 4 Doppelbetten und 4 Zusatellbetten, 2 K\u00fcchen, 3 B\u00e4der und 2 Wohnzimmer und 4 Terrassen, 2 Aussengrills und Aussendusche&#8230;.<br \/>\nDie jeweilige Hausbeschreibung entnehmen Sie bitte den Einzelhausbeschreibungen die sie ebenfalls auf dieser Onlineseite finden.<br \/>\nBei Buchung als Kombi2 senden wir den Schl\u00fcssel f\u00fcr diese Verbindungst\u00fcr mit.<\/span><\/p>\n<p>&nbsp;<\/p>\n<p><strong>Und so stellen Sie sich Ihren Warenkorb als\u00a0Reiseanfrage\u00a0selber zusammen:<br \/>\n<\/strong>Klicken Sie:<br \/>\na) auf den grauen Auswahlbalken mit\u00a0<strong><em>\u201cW\u00e4hlen Sie eine Ausf\u00fchrung&#8230;.\u201d<\/em><\/strong>\u00a0und<br \/>\nb) w\u00e4hlen Sie die\u00a0f\u00fcr Sie passende Saison und die Tages-\/Wochenanzahl aus (anklicken) \u2013<br \/>\nder jeweilige Preis wird dann angezeigt, bei meheren Tagen\/Wochen entsprechend die Anzahl von 1 auf 2 oder, 3,&#8230; etc. klicken.<br \/>\nc) um den ausgew\u00e4hlte Tages\/Wochenanzahl dann\u00a0<strong><em>\u201cIn den Warenkorb\u201d<\/em><\/strong>\u00a0zu packen.<\/p>\n<p><strong>Beim Buchen sollten Sie unter &#8222;Bestellhinweise&#8220; das Datum Ihrer Anreise (ab 14.00 h) und Ihren Abreisetag (bis 12.00h) angeben.<\/strong>\u00a0Das Feld &#8222;Bestellhinweise&#8220; finden Sie rechts, dort wo Sie Ihre Kontaktdaten f\u00fcr die Rechnungsadresse eintragen k\u00f6nnen.<\/p>\n<p>Mit Hilfe des gr\u00fcnen Buttons \u201cWarenkorb ansehen\u201d finden Sie Ihre Auswahl im Warenkorb \u00fcbersichtlich zusammen gestellt.<\/p>\n<p>Sie k\u00f6nnen sich diesen Warenkorb als Angebot\/\u00dcbersicht \u00fcber Ihren Browser ausdrucken oder als Bestellung\/Reservierung an uns absenden.<\/p>\n<p>Ihre Reservierungsanfrage wird von uns gepr\u00fcft, unter Bekanntgabe der Anzahlungssumme per mail best\u00e4tigt. Erst mit Anzahlung von 50% der Buchungssumme wird die Reservierung verbindlich aktiviert.<br \/>\nMit Zahlungseingang erhalten Sie von uns die endg\u00fcltige Buchungsbest\u00e4tigung an Ihre mailadresse zugesandt.<br \/>\nDie Restzahlung ist 6 Wochen vor Anreise f\u00e4llig. Nach Restzahlungseingang wird Ihnen der Schl\u00fcssel, eine Anfahrtsskizze sowie die Detailhausbeschreibung per Einschreiben an Ihre Rechnungsanschrift zugesandt.<br \/>\nF\u00fcr R\u00fcckfragen sind wir stets\u00a0<a title=\"Ihr direkter Kontakt zu Sardinien-Hausvermietung.\" href=\"mailto:%20info@sardinien-hausvermietung.de\" target=\"_blank\" rel=\"noopener\">per mail<\/a>\u00a0oder via Hotline 0511\/92 00 000 zu erreichen.<\/p>\n<\/div>\n","protected":false},"excerpt":{"rendered":"<p><b>Kombi2: VillaVino + VillaVita f\u00fcr 8 &#8211; 12 Personen<br \/>\n<\/b>Ausf\u00fchrung gem\u00e4\u00df Online-Beschreibung.<\/p>\n<p><span class=\"Apple-style-span\"><strong>Preise:<\/strong>\u00a0bitte auf dem hellgrauen Balken unter diesem Text klicken und\u00a0Ihre<br \/>\nAuswahl nach und nach in den Warenkorb packen.<\/span><\/p>\n","protected":false},"featured_media":1767,"comment_status":"closed","ping_status":"closed","template":"","meta":[],"product_cat":[66],"product_tag":[],"class_list":{"0":"post-1634","1":"product","2":"type-product","3":"status-publish","4":"has-post-thumbnail","6":"product_cat-kombi2-villavino-villa-vita","7":"pa_anreise-mietcaution-pauschal-je-buchungje-haus","8":"pa_anreise-vorsaison-15-03-bis-14-05-pro-tag","9":"pa_anreise-vorsaison-15-03-bis-14-05-pro-woche","10":"pa_anreise-vorsaison-15-03-bis-14-05-zusatztag-je","11":"pa_anreise-hochsaison-15-05-bis-30-09-pro-tag","12":"pa_anreise-hochsaison-15-05-bis-30-09-pro-woche","13":"pa_anreise-hochsaison-15-05-bis-30-09-zusatztag-je","14":"pa_anreise-nachsaison-01-10-bis-31-12-pro-tag","15":"pa_anreise-nachsaison-01-10-bis-31-12-pro-woche","16":"pa_anreise-nachsaison-01-10-bis-31-12-zusatztag-je","17":"pa_anreise-wintersaison-01-01-bis-14-03-pro-tag","18":"pa_anreise-wintersaison-01-01-bis-14-03-pro-woche","19":"pa_anreise-wintersaison-01-01-bis-14-03-zusatztag-je","20":"pa_anreise-langzeitmiete-ab-2-monate-pro-monat","21":"pa_anreise-langzeitmiete-ab-5-monate-pro-monat","23":"first","24":"outofstock","25":"taxable","26":"shipping-taxable","27":"purchasable","28":"product-type-variable","29":"has-default-attributes","30":"has-featured-image","31":"landscape"},"_links":{"self":[{"href":"http:\/\/sardinien-hausvermietung.de\/index.php?rest_route=\/wp\/v2\/product\/1634"}],"collection":[{"href":"http:\/\/sardinien-hausvermietung.de\/index.php?rest_route=\/wp\/v2\/product"}],"about":[{"href":"http:\/\/sardinien-hausvermietung.de\/index.php?rest_route=\/wp\/v2\/types\/product"}],"replies":[{"embeddable":true,"href":"http:\/\/sardinien-hausvermietung.de\/index.php?rest_route=%2Fwp%2Fv2%2Fcomments&post=1634"}],"wp:featuredmedia":[{"embeddable":true,"href":"http:\/\/sardinien-hausvermietung.de\/index.php?rest_route=\/wp\/v2\/media\/1767"}],"wp:attachment":[{"href":"http:\/\/sardinien-hausvermietung.de\/index.php?rest_route=%2Fwp%2Fv2%2Fmedia&parent=1634"}],"wp:term":[{"taxonomy":"product_cat","embeddable":true,"href":"http:\/\/sardinien-hausvermietung.de\/index.php?rest_route=%2Fwp%2Fv2%2Fproduct_cat&post=1634"},{"taxonomy":"product_tag","embeddable":true,"href":"http:\/\/sardinien-hausvermietung.de\/index.php?rest_route=%2Fwp%2Fv2%2Fproduct_tag&post=1634"}],"curies":[{"name":"wp","href":"https:\/\/api.w.org\/{rel}","templated":true}]}}