{"id":2010,"date":"2015-01-23T16:11:26","date_gmt":"2015-01-23T15:11:26","guid":{"rendered":"http:\/\/sardinien-hausvermietung.de\/?product=sarduro-gemuetliches-endurowandern"},"modified":"2022-03-24T14:58:07","modified_gmt":"2022-03-24T13:58:07","slug":"sarduro-gemuetliches-endurowandern","status":"publish","type":"product","link":"http:\/\/sardinien-hausvermietung.de\/?product=sarduro-gemuetliches-endurowandern","title":{"rendered":"Sarduro &#8211; Gem\u00fctliches Endurowandern."},"content":{"rendered":"<p><b>Stressfreies Endurowandern durch die Gallura.<br \/>\n<\/b>Ab 2016 bieten wir f\u00fcr Biker- und Naturliebhaber ausschliesslich\u00a0unseren Ferieng\u00e4ste die M\u00f6glichkeit an, f\u00fcr die gesamte Mietzeit der Ferienh\u00e4user auch unsere Enduros vor Ort\u00a0zu nutzen.<b><br \/>\nWir bieten 2 Mietprogramme an:<br \/>\n1) Ungef\u00fchrte Enduromiete &#8211; selber planen, selber fahren ohne TourScout.<br \/>\n<\/b>Sie mieten f\u00fcr die gesamte Mietzeit der Ferienhauses einfach unsere Enduro dazu.\u00a0D.H. wir senden Ihnen bei Hausanmietung den Schl\u00fcssel f\u00fcr die Garage und f\u00fcr die Enduro\u00a0mit.<br \/>\nDie Enduro (z.B. Yamaha Tricker XG250) steht vollgetankt bereit und kann von Ihnen jeden Tag genutzt werden, ohne KM-Begrenzung!<br \/>\nVor Ort haben wir einen Schrank mit 5 verschiedenen Helmgr\u00f6\u00dfen sowie Nierengurte,\u00a0die Sie gerne nutzen d\u00fcrfen\u00a0(oder Sie bringen sich Ihr Equipement einfach mit). Bitte zum Mietende wieder zur\u00fcck legen\/Enduro volltanken.<\/p>\n<p><strong>2) Gef\u00fchrte Enduromiete mit TourScout und Tourenplanung<\/strong> (mind. 6 Teiln.!)<br \/>\nAnmietung w.o. \/bzw. unten beschrieben, zus\u00e4tzlich wird ein TourScout \u00fcber die volle Mietzeit\u00a0Sie begleiten und unterschiedliche Endurotouren mit Ihnen durchf\u00fchren.<br \/>\nDie Tourenausarbeitung wird bis 8 Wochen vor Abreise Ihnen mitgeteilt und beinhaltet:<br \/>\n<strong><em>Das ein Wochenprogramm z.B.:<\/em><\/strong><br \/>\n<strong>&#8211; Starttag: \u00dcbernahme und Einweisung, dann erste gemeinsame Ausfahrt<\/strong> in die Gallura 3 Orte besuchen, Strand besuchen, Wald und Wege erkunden. Detaileinstellung.<br \/>\n<strong>&#8211; 2. bis 5. Tag gemeinsame Tage mit Tagestouren\/Etappen<br \/>\nStart TourA<\/strong> 9.00h bis ca. 12.00h, incl. Mittagstisch Restaurant xy<br \/>\ndann Weiterfahrt<br \/>\n<strong>Start TourB<\/strong> ca. 13.30h bis 17.00h R\u00fcckankunft am Ferienhaus.<br \/>\nFreie Zeiteinteilung nach Ihrer Tour.<br \/>\n<strong>&#8211; 6.Tag Freies Fahren nach Ihrer Lust und Ihrer Laune<\/strong>, mit TourScout, R\u00fcckkehr\/Reinigung.<br \/>\n<strong>&#8211; 7.Tag Abreisetag = R\u00fccknahmetag<\/strong> 9h bis 12h.<\/p>\n<p><strong><em>Das zwei\u00a0Wochenprogramm z.B.:<br \/>\n<\/em><\/strong>verschafft Ihnen mehr Zeit und wir k\u00f6nnen mehr die Region der Gallura erkunden:<br \/>\n<strong>&#8211; Starttag: \u00dcbernahme und Einweisung, dann erste gemeinsame Ausfahrt<\/strong><br \/>\nin die Gallura 3 Orte besuchen, Strand besuchen, Wald und Wege erkunden.<br \/>\n<strong>&#8211; 2. und 3. Tag gemeinsame Tage mit Tagestouren\/Etappen<\/strong><br \/>\n<strong>Start TourA<\/strong>\u00a09.00h bis ca. 12.00h, incl. Mittagstisch Restaurant xy \u00a0dann Weiterfahrt<br \/>\n<strong>Start TourB<\/strong> ca. 13.30h bis 17.00h R\u00fcckankunft am Ferienhaus.<br \/>\nFreie Zeiteinteilung nach Ihrer Tour.<br \/>\n<strong>&#8211; 4. und 5. Tag<\/strong>\u00a0Strandtouren und St\u00e4dtetouren &#8211; mit Scout.<br \/>\n<strong>&#8211; 6. und 7. Tag Gourmet-Tagestouren<\/strong>, tags\u00fcber biken, wir besuchen erstklassige Restaurants und kombinieren Fahrgenuss mit Gaumenschmaus!<br \/>\n<strong>&#8211; 8. und 9. Tag\u00a0Freies Fahren<\/strong> nach Ihrer Lust und Ihrer Laune &#8211; ohne Scout.<br \/>\n<strong>&#8211; 10. Tag\u00a0Tagestour CostaSmeralda <\/strong>&#8211; mal nachschauen was die Reichen machen.<br \/>\n<strong>&#8211; 11. Tag\u00a0Tagestour<\/strong>\u00a0<strong>Isola LaMaddalena<\/strong> &#8211; mit der F\u00e4hre auf die Insel zum Baden!<br \/>\n<strong>&#8211; 12. Tag\u00a0Freies Fahren <\/strong>nach Ihrer Lust und Ihrer Laune- ohne Scout.<br \/>\n<strong>&#8211;\u00a013. Tag Jetzt wird es fr\u00e4nz\u00f6sisch<\/strong>, wir fahren nach Korsika! und erkunden bis sp\u00e4t abends die Insel, traumhafte P\u00e4sse und phantastische Str\u00e4nde.<br \/>\n<strong>&#8211; 14<\/strong><strong>.Tag Abreisetag = R\u00fccknahmetag<\/strong>\u00a09h bis 12h.<br \/>\ndazwischen t\u00e4glich\u00a0Lagebesprechung f\u00fcr den Folgetag mit Tourdetail-Anpassung.<\/p>\n<p><strong>Die Enduros:<\/strong><br \/>\nEs handelt sich um leichte Enduros f\u00fcr den Strassengebrauch und auf normalen, auch unbefestigten Wegen. Es ist keine Motorcross Maschine!, sondern eine unkomplizierte, einfache Enduro, f\u00fcr entspanntes fahren &#8211; auch auf Feldwegen.<br \/>\nSollten Sie auf die Idee kommen, dennoch MotorCross\u00fcbungen durchzuf\u00fchren, sei Ihnen das freigestellt, es belastet dann im Zweifelsfall\u00a0nur Ihre Mietcaution.<\/p>\n<p><strong>Versicherung:<\/strong><br \/>\nUnsere Mietenduros sind Haftpflicht versichert und mit 1.500,00 \u20ac SB Vollkasko versichert.<br \/>\nIm Schadensfall bitten wir um Benachrichtigung und um ausf\u00fchrliche Fotodokumentation.<\/p>\n<p><strong>R\u00fcckgabe der Enduro:<\/strong><br \/>\nDie Vermietung erfolgt ausschliesslich in dem Zeitabschnitt der Hausanmietung &#8211; nur an Ihre Person. Sie haften f\u00fcr das ordentliche handling bis zur R\u00fcckgabe.<br \/>\nEine Neuvermietung findet erst statt, wenn Ihre R\u00fcckgabe-Enduro gepr\u00fcft wurde.<br \/>\nBei vollgetankter, schadenfreier R\u00fcckgabe senden wir sofort die Mietcaution an Ihre Bankverbindung zur\u00fcck. Bei Besch\u00e4digungen belasten wir die Mietcaution bis zur H\u00f6he<br \/>\nder Selbstbeteiligung. Eine Neuvermietung findet erst nach gepr\u00fcfter und dokumentierter R\u00fcckgabe statt.<br \/>\nSo haben Sie und wir die Sicherheit, das ausschliesslich nur Sie Zugang zur Maschine haben.<\/p>\n<p>Wir vermieten unsere Enduros\u00a0nicht tageweise, \u00a0sondern nur f\u00fcr unsere G\u00e4ste f\u00fcr die Gesamtmietzeit des Hauses.\u00a0Daf\u00fcr ist unser Angebot deutlich g\u00fcnstiger als die regionalen Angebote der dortigen Endurovermieter, da Sie f\u00fcr die zeitliche Nutzung keine weitere Zeiteinschr\u00e4nkung haben. Bedenken Sie bei Ihrer Buchung, das auch die dazugeh\u00f6rigen Aufgaben wie das Inbetrieb nehmen, verbringen und r\u00fcckbringen sowie reinigen der Enduro mit Plazierung auf den vorgesehenen Stellplatz mit Abschliessen von Ihnen zu leisten ist.<br \/>\nEinen Support k\u00f6nnen wir w\u00e4hrend Ihrer Mietzeit nur telefonisch leisten.<\/p>\n<p><strong>Kaution:<\/strong><br \/>\nBei Buchung ist eine Mietkaution in H\u00f6he von 1.500,00 \u20ac zu hinterlegen.\u00a0Die Enduros werden<br \/>\n&#8211; incl. Haftpflichtversicherung ( bis 3.000.000,00 \u20ac f\u00fcr Personen und Sachsch\u00e4den und bis 100.000,00 \u20ac f\u00fcr Verm\u00f6genssch\u00e4den) und<br \/>\n&#8211; incl.\u00a0Kaskoversicherung mit 1.500,00 \u20ac Selbstbeteiligung vermietet.<\/p>\n<p>Die \u00dcbernahme der Enduro\/s erfolgt zeitgleich mit \u00dcbernahme des Hauses. Bei Anmietung wird Ihnen der Enduroschl\u00fcssel mit schriftlicher Bedienungsanleitung und Einweisungbeschreibung per Einschreiben zeitgleich mit dem Hausschl\u00fcssel zugesandt.<br \/>\nDie R\u00fccknahme erfolgt wie die \u00dcbergabe bei VillaVita im gereinigten und abgedeckten Zustand, am Ort\/Abstellplatz abgeschlossen wie bei Mietbeginn von Ihnen \u00fcbernommen. Siehe Fotodokumentation sowie\u00a0Detailbeschreibung &#8222;Enduroanmietung &#8222;die Ihnen bei Vertragsbeginn\u00a0zugesandt wird.<\/p>\n<p><span class=\"Apple-style-span\">Ihre Reservierungsanfrage wird von uns gepr\u00fcft, best\u00e4tigt und erst mit Anzahlung von 50% der Buchungssumme aktiviert. Mit Zahlungseingang erhalten Sie von uns die Buchungsbest\u00e4tigung an Ihre mailadresse zugesandt. Die Restzahlung ist 6 Wochen vor Anreise f\u00e4llig. Nach Restzahlungseingang wird Ihnen der Enduroschl\u00fcssel sowie Schrankschl\u00fcssel f\u00fcr Helm\/Zubeh\u00f6r, eine Anfahrtsskizze sowie die Detailbeschreibung zugesandt. F\u00fcr R\u00fcckfragen sind wir stets\u00a0<a title=\"Ihr direkter Kontakt zu Sardinien-Hausvermietung.\" href=\"mailto:%20info@sardinien-hausvermietung.de\" target=\"_blank\" rel=\"noopener\">per mail<\/a>\u00a0oder via Hotline 0511\/92 00 000 zu erreichen.<\/span><\/p>\n<p><span class=\"Apple-style-span\">Mit Hilfe des gr\u00fcnen Buttons \u201cWarenkorb ansehen\u201d finden Sie Ihre Auswahl im Warenkorb \u00fcbersichtlich zusammen gestellt.<br \/>\nSie k\u00f6nnen sich diesen Warenkorb als Angebot\/\u00dcbersicht \u00fcber Ihren Browser ausdrucken oder als Bestellung\/Reservierung an uns absenden.<br \/>\nWir nehmen dann Kontakt zu Ihnen auf.<\/span><\/p>\n","protected":false},"excerpt":{"rendered":"<p>200 bis 400 ccm Enduro f\u00fcr 1 Personennutzung,<br \/>\nMietzeit und Buchungsumfang nach Auswahl,<br \/>\nteilweise mit TourScout und\u00a0F\u00e4hrebuchung<br \/>\nteilweise incl. Restaurantbesuche nach Wahl,<br \/>\nincl. Haftpflicht, incl. Vollkasko zzgl. Caution<br \/>\n<strong>Preise:<\/strong> bitte auf dem hellgrauen Balken unter diesem Text<br \/>\nklicken und\u00a0Ihre\u00a0<span class=\"Apple-style-span\">Auswahl nach und nach in den<br \/>\nWarenkorb packen.<\/span><\/p>\n","protected":false},"featured_media":2058,"comment_status":"closed","ping_status":"closed","template":"","meta":[],"product_cat":[33],"product_tag":[],"class_list":{"0":"post-2010","1":"product","2":"type-product","3":"status-publish","4":"has-post-thumbnail","6":"product_cat-sarduro-enduro-fahren-in-der-gallura","7":"pa_boot-caution-fuer-schlauchboot-pauschal","8":"pa_boot-mindestmietzeit-1-wochvorsaison-15-03-14-05-ohne-slipservice-incl-haftpflicht-mietdauer-wie-haus-je-woche","9":"pa_boot-mindestmietzeit-1-woche-hauptsaison-15-05-30-09-ohne-slipservice-incl-haftpflicht-mietdauer-wie-haus-je-woche","10":"pa_boot-mindestmietzeit-1-woche-nachsaison-01-10-31-12-ohne-slipservice-incl-haftpflicht-mietdauer-wie-haus-je-woche","11":"pa_boot-mindestmietzeit-1-woche-ohne-slipservice-incl-haftpflicht-mietdauer-wie-haus-je-woche","12":"pa_boot-mietverlaengerungswoche-pro-woche","13":"pa_boot-mietverlaengerungstag-ab-7-tage-pro-tag","14":"pa_boot-slipservice-boot-holen-boot-zurueck-bringen-jeweils-anvon-porto-pozzo-marinasardo","15":"pa_boot-teilkasko-mit-sb-50000-e-pro-woche","16":"pa_boot-teilkasko-mit-sb-50000-e-pro-mietverlaengerungstag","17":"pa_boot-liegeplatz-pro-woche-in-marinasardo-portopozzo-pro-woche","18":"pa_boot-liegeplatz-pro-woche-in-marinasardo-portopozzo-pro-verlaengerungstag","20":"first","21":"outofstock","22":"taxable","23":"shipping-taxable","24":"purchasable","25":"product-type-variable","26":"has-featured-image","27":"portrait"},"_links":{"self":[{"href":"http:\/\/sardinien-hausvermietung.de\/index.php?rest_route=\/wp\/v2\/product\/2010"}],"collection":[{"href":"http:\/\/sardinien-hausvermietung.de\/index.php?rest_route=\/wp\/v2\/product"}],"about":[{"href":"http:\/\/sardinien-hausvermietung.de\/index.php?rest_route=\/wp\/v2\/types\/product"}],"replies":[{"embeddable":true,"href":"http:\/\/sardinien-hausvermietung.de\/index.php?rest_route=%2Fwp%2Fv2%2Fcomments&post=2010"}],"wp:featuredmedia":[{"embeddable":true,"href":"http:\/\/sardinien-hausvermietung.de\/index.php?rest_route=\/wp\/v2\/media\/2058"}],"wp:attachment":[{"href":"http:\/\/sardinien-hausvermietung.de\/index.php?rest_route=%2Fwp%2Fv2%2Fmedia&parent=2010"}],"wp:term":[{"taxonomy":"product_cat","embeddable":true,"href":"http:\/\/sardinien-hausvermietung.de\/index.php?rest_route=%2Fwp%2Fv2%2Fproduct_cat&post=2010"},{"taxonomy":"product_tag","embeddable":true,"href":"http:\/\/sardinien-hausvermietung.de\/index.php?rest_route=%2Fwp%2Fv2%2Fproduct_tag&post=2010"}],"curies":[{"name":"wp","href":"https:\/\/api.w.org\/{rel}","templated":true}]}}